{"id":311,"date":"2025-10-28T20:44:13","date_gmt":"2025-10-28T19:44:13","guid":{"rendered":"https:\/\/zielonezanurzenie.pl\/?page_id=311"},"modified":"2025-10-28T20:51:31","modified_gmt":"2025-10-28T19:51:31","slug":"projekty","status":"publish","type":"page","link":"https:\/\/zielonezanurzenie.pl\/?page_id=311","title":{"rendered":"Projekty"},"content":{"rendered":"<p class=\"has-medium-font-size\">Wykonujemy projekty zieleni w przestrzeniach prywatnych jak i publicznych. Mamy do\u015bwiadczenie r\u00f3wnie\u017c w przestrzeniach obj\u0119tych ochron\u0105 konserwatorsk\u0105 oraz przestrzeni\u0105 bez barier i terapeutyczn\u0105.<\/p><p class=\"has-medium-font-size\">Zapraszamy do kontaktu w celu wykonania indywidualnej wyceny:<\/p><p class=\"has-medium-font-size\">e-mail pracowniaokaz@gmail.com<\/p><p><\/p>","protected":false},"excerpt":{"rendered":"<p>Wykonujemy projekty zieleni w przestrzeniach prywatnych jak i publicznych. Mamy do\u015bwiadczenie r\u00f3wnie\u017c w przestrzeniach obj\u0119tych ochron\u0105 konserwatorsk\u0105 oraz przestrzeni\u0105 bez barier i terapeutyczn\u0105. Zapraszamy do kontaktu w celu wykonania indywidualnej wyceny: e-mail pracowniaokaz@gmail.com<\/p>\n","protected":false},"author":1,"featured_media":346,"parent":0,"menu_order":0,"comment_status":"closed","ping_status":"closed","template":"","meta":{"footnotes":""},"class_list":["post-311","page","type-page","status-publish","has-post-thumbnail","hentry"],"yoast_head":"<!-- This site is optimized with the Yoast SEO plugin v23.9 - https:\/\/yoast.com\/wordpress\/plugins\/seo\/ -->\n<title>Projekty - zielone zanurzenie<\/title>\n<meta name=\"robots\" content=\"index, follow, max-snippet:-1, max-image-preview:large, max-video-preview:-1\" \/>\n<link rel=\"canonical\" href=\"https:\/\/zielonezanurzenie.pl\/?page_id=311\" \/>\n<meta property=\"og:locale\" content=\"pl_PL\" \/>\n<meta property=\"og:type\" content=\"article\" \/>\n<meta property=\"og:title\" content=\"Projekty - zielone zanurzenie\" \/>\n<meta property=\"og:description\" content=\"Wykonujemy projekty zieleni w przestrzeniach prywatnych jak i publicznych. Mamy do\u015bwiadczenie r\u00f3wnie\u017c w przestrzeniach obj\u0119tych ochron\u0105 konserwatorsk\u0105 oraz przestrzeni\u0105 bez barier i terapeutyczn\u0105. Zapraszamy do kontaktu w celu wykonania indywidualnej wyceny: e-mail pracowniaokaz@gmail.com\" \/>\n<meta property=\"og:url\" content=\"https:\/\/zielonezanurzenie.pl\/?page_id=311\" \/>\n<meta property=\"og:site_name\" content=\"zielone zanurzenie\" \/>\n<meta property=\"article:publisher\" content=\"https:\/\/www.facebook.com\/profile.php?id=61573322280283\" \/>\n<meta property=\"article:modified_time\" content=\"2025-10-28T19:51:31+00:00\" \/>\n<meta property=\"og:image\" content=\"https:\/\/zielonezanurzenie.pl\/wp-content\/uploads\/2025\/10\/560347148_1300532931764246_4729987351101811961_n.jpg\" \/>\n\t<meta property=\"og:image:width\" content=\"2048\" \/>\n\t<meta property=\"og:image:height\" content=\"1153\" \/>\n\t<meta property=\"og:image:type\" content=\"image\/jpeg\" \/>\n<meta name=\"twitter:card\" content=\"summary_large_image\" \/>\n<meta name=\"twitter:label1\" content=\"Szacowany czas czytania\" \/>\n\t<meta name=\"twitter:data1\" content=\"1 minuta\" \/>\n<script type=\"application\/ld+json\" class=\"yoast-schema-graph\">{\"@context\":\"https:\/\/schema.org\",\"@graph\":[{\"@type\":\"WebPage\",\"@id\":\"https:\/\/zielonezanurzenie.pl\/?page_id=311\",\"url\":\"https:\/\/zielonezanurzenie.pl\/?page_id=311\",\"name\":\"Projekty - zielone zanurzenie\",\"isPartOf\":{\"@id\":\"https:\/\/zielonezanurzenie.pl\/#website\"},\"primaryImageOfPage\":{\"@id\":\"https:\/\/zielonezanurzenie.pl\/?page_id=311#primaryimage\"},\"image\":{\"@id\":\"https:\/\/zielonezanurzenie.pl\/?page_id=311#primaryimage\"},\"thumbnailUrl\":\"https:\/\/zielonezanurzenie.pl\/wp-content\/uploads\/2025\/10\/560347148_1300532931764246_4729987351101811961_n.jpg\",\"datePublished\":\"2025-10-28T19:44:13+00:00\",\"dateModified\":\"2025-10-28T19:51:31+00:00\",\"breadcrumb\":{\"@id\":\"https:\/\/zielonezanurzenie.pl\/?page_id=311#breadcrumb\"},\"inLanguage\":\"pl-PL\",\"potentialAction\":[{\"@type\":\"ReadAction\",\"target\":[\"https:\/\/zielonezanurzenie.pl\/?page_id=311\"]}]},{\"@type\":\"ImageObject\",\"inLanguage\":\"pl-PL\",\"@id\":\"https:\/\/zielonezanurzenie.pl\/?page_id=311#primaryimage\",\"url\":\"https:\/\/zielonezanurzenie.pl\/wp-content\/uploads\/2025\/10\/560347148_1300532931764246_4729987351101811961_n.jpg\",\"contentUrl\":\"https:\/\/zielonezanurzenie.pl\/wp-content\/uploads\/2025\/10\/560347148_1300532931764246_4729987351101811961_n.jpg\",\"width\":2048,\"height\":1153},{\"@type\":\"BreadcrumbList\",\"@id\":\"https:\/\/zielonezanurzenie.pl\/?page_id=311#breadcrumb\",\"itemListElement\":[{\"@type\":\"ListItem\",\"position\":1,\"name\":\"Home\",\"item\":\"https:\/\/zielonezanurzenie.pl\/\"},{\"@type\":\"ListItem\",\"position\":2,\"name\":\"Projekty\"}]},{\"@type\":\"WebSite\",\"@id\":\"https:\/\/zielonezanurzenie.pl\/#website\",\"url\":\"https:\/\/zielonezanurzenie.pl\/\",\"name\":\"zielone zanurzenie\",\"description\":\"Zanurz si\u0119 w zieleni razem z naszym wsparciem. Odkryj swoj\u0105 \u015bcie\u017ck\u0119 wsp\u00f3\u0142pracy \u2013 od projektu przestrzeni, przez kontakt z natur\u0105, po sztuk\u0119 inspirowan\u0105 jej pi\u0119knem.\",\"publisher\":{\"@id\":\"https:\/\/zielonezanurzenie.pl\/#organization\"},\"alternateName\":\"k\u0105piele le\u015bne ZZ\",\"potentialAction\":[{\"@type\":\"SearchAction\",\"target\":{\"@type\":\"EntryPoint\",\"urlTemplate\":\"https:\/\/zielonezanurzenie.pl\/?s={search_term_string}\"},\"query-input\":{\"@type\":\"PropertyValueSpecification\",\"valueRequired\":true,\"valueName\":\"search_term_string\"}}],\"inLanguage\":\"pl-PL\"},{\"@type\":\"Organization\",\"@id\":\"https:\/\/zielonezanurzenie.pl\/#organization\",\"name\":\"zielone zanurzenie\",\"url\":\"https:\/\/zielonezanurzenie.pl\/\",\"logo\":{\"@type\":\"ImageObject\",\"inLanguage\":\"pl-PL\",\"@id\":\"https:\/\/zielonezanurzenie.pl\/#\/schema\/logo\/image\/\",\"url\":\"https:\/\/zielonezanurzenie.pl\/wp-content\/uploads\/2024\/11\/Projekt-bez-nazwy-1.jpg\",\"contentUrl\":\"https:\/\/zielonezanurzenie.pl\/wp-content\/uploads\/2024\/11\/Projekt-bez-nazwy-1.jpg\",\"width\":500,\"height\":500,\"caption\":\"zielone zanurzenie\"},\"image\":{\"@id\":\"https:\/\/zielonezanurzenie.pl\/#\/schema\/logo\/image\/\"},\"sameAs\":[\"https:\/\/www.facebook.com\/profile.php?id=61573322280283\",\"https:\/\/pl.pinterest.com\/ZZieloneZanurzenie\/\",\"https:\/\/www.instagram.com\/kapielelesne_zz\/\",\"https:\/\/www.youtube.com\/@KpieleleneZZ\"]}]}<\/script>\n<!-- \/ Yoast SEO plugin. -->","yoast_head_json":{"title":"Projekty - zielone zanurzenie","robots":{"index":"index","follow":"follow","max-snippet":"max-snippet:-1","max-image-preview":"max-image-preview:large","max-video-preview":"max-video-preview:-1"},"canonical":"https:\/\/zielonezanurzenie.pl\/?page_id=311","og_locale":"pl_PL","og_type":"article","og_title":"Projekty - zielone zanurzenie","og_description":"Wykonujemy projekty zieleni w przestrzeniach prywatnych jak i publicznych. Mamy do\u015bwiadczenie r\u00f3wnie\u017c w przestrzeniach obj\u0119tych ochron\u0105 konserwatorsk\u0105 oraz przestrzeni\u0105 bez barier i terapeutyczn\u0105. Zapraszamy do kontaktu w celu wykonania indywidualnej wyceny: e-mail pracowniaokaz@gmail.com","og_url":"https:\/\/zielonezanurzenie.pl\/?page_id=311","og_site_name":"zielone zanurzenie","article_publisher":"https:\/\/www.facebook.com\/profile.php?id=61573322280283","article_modified_time":"2025-10-28T19:51:31+00:00","og_image":[{"width":2048,"height":1153,"url":"https:\/\/zielonezanurzenie.pl\/wp-content\/uploads\/2025\/10\/560347148_1300532931764246_4729987351101811961_n.jpg","type":"image\/jpeg"}],"twitter_card":"summary_large_image","twitter_misc":{"Szacowany czas czytania":"1 minuta"},"schema":{"@context":"https:\/\/schema.org","@graph":[{"@type":"WebPage","@id":"https:\/\/zielonezanurzenie.pl\/?page_id=311","url":"https:\/\/zielonezanurzenie.pl\/?page_id=311","name":"Projekty - zielone zanurzenie","isPartOf":{"@id":"https:\/\/zielonezanurzenie.pl\/#website"},"primaryImageOfPage":{"@id":"https:\/\/zielonezanurzenie.pl\/?page_id=311#primaryimage"},"image":{"@id":"https:\/\/zielonezanurzenie.pl\/?page_id=311#primaryimage"},"thumbnailUrl":"https:\/\/zielonezanurzenie.pl\/wp-content\/uploads\/2025\/10\/560347148_1300532931764246_4729987351101811961_n.jpg","datePublished":"2025-10-28T19:44:13+00:00","dateModified":"2025-10-28T19:51:31+00:00","breadcrumb":{"@id":"https:\/\/zielonezanurzenie.pl\/?page_id=311#breadcrumb"},"inLanguage":"pl-PL","potentialAction":[{"@type":"ReadAction","target":["https:\/\/zielonezanurzenie.pl\/?page_id=311"]}]},{"@type":"ImageObject","inLanguage":"pl-PL","@id":"https:\/\/zielonezanurzenie.pl\/?page_id=311#primaryimage","url":"https:\/\/zielonezanurzenie.pl\/wp-content\/uploads\/2025\/10\/560347148_1300532931764246_4729987351101811961_n.jpg","contentUrl":"https:\/\/zielonezanurzenie.pl\/wp-content\/uploads\/2025\/10\/560347148_1300532931764246_4729987351101811961_n.jpg","width":2048,"height":1153},{"@type":"BreadcrumbList","@id":"https:\/\/zielonezanurzenie.pl\/?page_id=311#breadcrumb","itemListElement":[{"@type":"ListItem","position":1,"name":"Home","item":"https:\/\/zielonezanurzenie.pl\/"},{"@type":"ListItem","position":2,"name":"Projekty"}]},{"@type":"WebSite","@id":"https:\/\/zielonezanurzenie.pl\/#website","url":"https:\/\/zielonezanurzenie.pl\/","name":"zielone zanurzenie","description":"Zanurz si\u0119 w zieleni razem z naszym wsparciem. Odkryj swoj\u0105 \u015bcie\u017ck\u0119 wsp\u00f3\u0142pracy \u2013 od projektu przestrzeni, przez kontakt z natur\u0105, po sztuk\u0119 inspirowan\u0105 jej pi\u0119knem.","publisher":{"@id":"https:\/\/zielonezanurzenie.pl\/#organization"},"alternateName":"k\u0105piele le\u015bne ZZ","potentialAction":[{"@type":"SearchAction","target":{"@type":"EntryPoint","urlTemplate":"https:\/\/zielonezanurzenie.pl\/?s={search_term_string}"},"query-input":{"@type":"PropertyValueSpecification","valueRequired":true,"valueName":"search_term_string"}}],"inLanguage":"pl-PL"},{"@type":"Organization","@id":"https:\/\/zielonezanurzenie.pl\/#organization","name":"zielone zanurzenie","url":"https:\/\/zielonezanurzenie.pl\/","logo":{"@type":"ImageObject","inLanguage":"pl-PL","@id":"https:\/\/zielonezanurzenie.pl\/#\/schema\/logo\/image\/","url":"https:\/\/zielonezanurzenie.pl\/wp-content\/uploads\/2024\/11\/Projekt-bez-nazwy-1.jpg","contentUrl":"https:\/\/zielonezanurzenie.pl\/wp-content\/uploads\/2024\/11\/Projekt-bez-nazwy-1.jpg","width":500,"height":500,"caption":"zielone zanurzenie"},"image":{"@id":"https:\/\/zielonezanurzenie.pl\/#\/schema\/logo\/image\/"},"sameAs":["https:\/\/www.facebook.com\/profile.php?id=61573322280283","https:\/\/pl.pinterest.com\/ZZieloneZanurzenie\/","https:\/\/www.instagram.com\/kapielelesne_zz\/","https:\/\/www.youtube.com\/@KpieleleneZZ"]}]}},"jetpack_sharing_enabled":true,"_links":{"self":[{"href":"https:\/\/zielonezanurzenie.pl\/index.php?rest_route=\/wp\/v2\/pages\/311","targetHints":{"allow":["GET"]}}],"collection":[{"href":"https:\/\/zielonezanurzenie.pl\/index.php?rest_route=\/wp\/v2\/pages"}],"about":[{"href":"https:\/\/zielonezanurzenie.pl\/index.php?rest_route=\/wp\/v2\/types\/page"}],"author":[{"embeddable":true,"href":"https:\/\/zielonezanurzenie.pl\/index.php?rest_route=\/wp\/v2\/users\/1"}],"replies":[{"embeddable":true,"href":"https:\/\/zielonezanurzenie.pl\/index.php?rest_route=%2Fwp%2Fv2%2Fcomments&post=311"}],"version-history":[{"count":2,"href":"https:\/\/zielonezanurzenie.pl\/index.php?rest_route=\/wp\/v2\/pages\/311\/revisions"}],"predecessor-version":[{"id":347,"href":"https:\/\/zielonezanurzenie.pl\/index.php?rest_route=\/wp\/v2\/pages\/311\/revisions\/347"}],"wp:featuredmedia":[{"embeddable":true,"href":"https:\/\/zielonezanurzenie.pl\/index.php?rest_route=\/wp\/v2\/media\/346"}],"wp:attachment":[{"href":"https:\/\/zielonezanurzenie.pl\/index.php?rest_route=%2Fwp%2Fv2%2Fmedia&parent=311"}],"curies":[{"name":"wp","href":"https:\/\/api.w.org\/{rel}","templated":true}]}}