{"id":310,"date":"2025-10-28T20:44:13","date_gmt":"2025-10-28T19:44:13","guid":{"rendered":"https:\/\/zielonezanurzenie.pl\/?page_id=310"},"modified":"2025-11-13T13:13:52","modified_gmt":"2025-11-13T12:13:52","slug":"arkadiusz-linkowski","status":"publish","type":"page","link":"https:\/\/zielonezanurzenie.pl\/?page_id=310","title":{"rendered":"Arkadiusz Linkowski"},"content":{"rendered":"<p><strong>In\u017cynier ogrodnictwa, specjalista w zakresie kszta\u0142towania teren\u00f3w zieleni, Inspektor Nadzoru Teren\u00f3w Zieleni (INTZ).<\/strong><\/p><p>Od wielu lat z pasj\u0105 dba o to, by ro\u015bliny w przestrzeni miejskiej i prywatnej mog\u0142y wzrasta\u0107 w zgodzie z natur\u0105. Nadzorowa\u0142 liczne inwestycje \u2013 od kameralnych ogrod\u00f3w po wielomilionowe projekty publiczne \u2013 pilnuj\u0105c, by ka\u017cda realizacja by\u0142a prowadzona z poszanowaniem dla ro\u015blin, ludzi i krajobrazu.<\/p><p>Uko\u0144czy\u0142 studia ogrodnicze na kierunku <strong>kszta\u0142towanie teren\u00f3w zieleni<\/strong>, gdzie za\u0142o\u017cy\u0142 ko\u0142o naukowe po\u015bwi\u0119cone przyrodzie i projektowaniu \u2014 to w\u0142a\u015bnie tam pozna\u0142 Olg\u0119, z kt\u00f3r\u0105 dzi\u015b wsp\u00f3\u0142tworzy <strong>Zielone Zanurzenie<\/strong>.<\/p><p>Arkadiusz \u0142\u0105czy <strong>techniczn\u0105 precyzj\u0119 i wieloletnie do\u015bwiadczenie z g\u0142\u0119bokim szacunkiem do przyrody<\/strong>. Kocha ro\u015bliny, ich wzrost i rytm, a swoj\u0105 wiedz\u0119 wykorzystuje, by tworzy\u0107 zielone przestrzenie trwa\u0142e, zdrowe i pi\u0119kne.<\/p><p>W Zielonym Zanurzeniu odpowiada za <strong>nadzory, inwentaryzacje i merytoryczne zaplecze projekt\u00f3w<\/strong>. To on stoi na stra\u017cy tego, by ka\u017cda idea mia\u0142a solidne korzenie \u2014 i by to, co pi\u0119kne, by\u0142o r\u00f3wnie\u017c trwa\u0142e.<\/p>","protected":false},"excerpt":{"rendered":"<p>In\u017cynier ogrodnictwa, specjalista w zakresie kszta\u0142towania teren\u00f3w zieleni, Inspektor Nadzoru Teren\u00f3w Zieleni (INTZ). Od wielu lat z pasj\u0105 dba o to, by ro\u015bliny w przestrzeni miejskiej i prywatnej mog\u0142y wzrasta\u0107 w zgodzie z natur\u0105. Nadzorowa\u0142 liczne inwestycje \u2013 od kameralnych ogrod\u00f3w po wielomilionowe projekty publiczne \u2013 pilnuj\u0105c, by ka\u017cda realizacja by\u0142a prowadzona z poszanowaniem dla &hellip; <\/p>\n<p class=\"link-more\"><a href=\"https:\/\/zielonezanurzenie.pl\/?page_id=310\" class=\"more-link\">Czytaj dalej<span class=\"screen-reader-text\"> \u201eArkadiusz Linkowski\u201d<\/span><\/a><\/p>\n","protected":false},"author":1,"featured_media":0,"parent":0,"menu_order":0,"comment_status":"closed","ping_status":"closed","template":"","meta":{"footnotes":""},"class_list":["post-310","page","type-page","status-publish","hentry"],"yoast_head":"<!-- This site is optimized with the Yoast SEO plugin v23.9 - https:\/\/yoast.com\/wordpress\/plugins\/seo\/ -->\n<title>Arkadiusz Linkowski - zielone zanurzenie<\/title>\n<meta name=\"robots\" content=\"index, follow, max-snippet:-1, max-image-preview:large, max-video-preview:-1\" \/>\n<link rel=\"canonical\" href=\"https:\/\/zielonezanurzenie.pl\/?page_id=310\" \/>\n<meta property=\"og:locale\" content=\"pl_PL\" \/>\n<meta property=\"og:type\" content=\"article\" \/>\n<meta property=\"og:title\" content=\"Arkadiusz Linkowski - zielone zanurzenie\" \/>\n<meta property=\"og:description\" content=\"In\u017cynier ogrodnictwa, specjalista w zakresie kszta\u0142towania teren\u00f3w zieleni, Inspektor Nadzoru Teren\u00f3w Zieleni (INTZ). Od wielu lat z pasj\u0105 dba o to, by ro\u015bliny w przestrzeni miejskiej i prywatnej mog\u0142y wzrasta\u0107 w zgodzie z natur\u0105. Nadzorowa\u0142 liczne inwestycje \u2013 od kameralnych ogrod\u00f3w po wielomilionowe projekty publiczne \u2013 pilnuj\u0105c, by ka\u017cda realizacja by\u0142a prowadzona z poszanowaniem dla &hellip; Czytaj dalej \u201eArkadiusz Linkowski\u201d\" \/>\n<meta property=\"og:url\" content=\"https:\/\/zielonezanurzenie.pl\/?page_id=310\" \/>\n<meta property=\"og:site_name\" content=\"zielone zanurzenie\" \/>\n<meta property=\"article:publisher\" content=\"https:\/\/www.facebook.com\/profile.php?id=61573322280283\" \/>\n<meta property=\"article:modified_time\" content=\"2025-11-13T12:13:52+00:00\" \/>\n<meta property=\"og:image\" content=\"https:\/\/zielonezanurzenie.pl\/wp-content\/uploads\/2024\/11\/Projekt-bez-nazwy-1.jpg\" \/>\n\t<meta property=\"og:image:width\" content=\"500\" \/>\n\t<meta property=\"og:image:height\" content=\"500\" \/>\n\t<meta property=\"og:image:type\" content=\"image\/jpeg\" \/>\n<meta name=\"twitter:card\" content=\"summary_large_image\" \/>\n<meta name=\"twitter:label1\" content=\"Szacowany czas czytania\" \/>\n\t<meta name=\"twitter:data1\" content=\"1 minuta\" \/>\n<script type=\"application\/ld+json\" class=\"yoast-schema-graph\">{\"@context\":\"https:\/\/schema.org\",\"@graph\":[{\"@type\":\"WebPage\",\"@id\":\"https:\/\/zielonezanurzenie.pl\/?page_id=310\",\"url\":\"https:\/\/zielonezanurzenie.pl\/?page_id=310\",\"name\":\"Arkadiusz Linkowski - zielone zanurzenie\",\"isPartOf\":{\"@id\":\"https:\/\/zielonezanurzenie.pl\/#website\"},\"datePublished\":\"2025-10-28T19:44:13+00:00\",\"dateModified\":\"2025-11-13T12:13:52+00:00\",\"breadcrumb\":{\"@id\":\"https:\/\/zielonezanurzenie.pl\/?page_id=310#breadcrumb\"},\"inLanguage\":\"pl-PL\",\"potentialAction\":[{\"@type\":\"ReadAction\",\"target\":[\"https:\/\/zielonezanurzenie.pl\/?page_id=310\"]}]},{\"@type\":\"BreadcrumbList\",\"@id\":\"https:\/\/zielonezanurzenie.pl\/?page_id=310#breadcrumb\",\"itemListElement\":[{\"@type\":\"ListItem\",\"position\":1,\"name\":\"Home\",\"item\":\"https:\/\/zielonezanurzenie.pl\/\"},{\"@type\":\"ListItem\",\"position\":2,\"name\":\"Arkadiusz Linkowski\"}]},{\"@type\":\"WebSite\",\"@id\":\"https:\/\/zielonezanurzenie.pl\/#website\",\"url\":\"https:\/\/zielonezanurzenie.pl\/\",\"name\":\"zielone zanurzenie\",\"description\":\"Zanurz si\u0119 w zieleni razem z naszym wsparciem. Odkryj swoj\u0105 \u015bcie\u017ck\u0119 wsp\u00f3\u0142pracy \u2013 od projektu przestrzeni, przez kontakt z natur\u0105, po sztuk\u0119 inspirowan\u0105 jej pi\u0119knem.\",\"publisher\":{\"@id\":\"https:\/\/zielonezanurzenie.pl\/#organization\"},\"alternateName\":\"k\u0105piele le\u015bne ZZ\",\"potentialAction\":[{\"@type\":\"SearchAction\",\"target\":{\"@type\":\"EntryPoint\",\"urlTemplate\":\"https:\/\/zielonezanurzenie.pl\/?s={search_term_string}\"},\"query-input\":{\"@type\":\"PropertyValueSpecification\",\"valueRequired\":true,\"valueName\":\"search_term_string\"}}],\"inLanguage\":\"pl-PL\"},{\"@type\":\"Organization\",\"@id\":\"https:\/\/zielonezanurzenie.pl\/#organization\",\"name\":\"zielone zanurzenie\",\"url\":\"https:\/\/zielonezanurzenie.pl\/\",\"logo\":{\"@type\":\"ImageObject\",\"inLanguage\":\"pl-PL\",\"@id\":\"https:\/\/zielonezanurzenie.pl\/#\/schema\/logo\/image\/\",\"url\":\"https:\/\/zielonezanurzenie.pl\/wp-content\/uploads\/2024\/11\/Projekt-bez-nazwy-1.jpg\",\"contentUrl\":\"https:\/\/zielonezanurzenie.pl\/wp-content\/uploads\/2024\/11\/Projekt-bez-nazwy-1.jpg\",\"width\":500,\"height\":500,\"caption\":\"zielone zanurzenie\"},\"image\":{\"@id\":\"https:\/\/zielonezanurzenie.pl\/#\/schema\/logo\/image\/\"},\"sameAs\":[\"https:\/\/www.facebook.com\/profile.php?id=61573322280283\",\"https:\/\/pl.pinterest.com\/ZZieloneZanurzenie\/\",\"https:\/\/www.instagram.com\/kapielelesne_zz\/\",\"https:\/\/www.youtube.com\/@KpieleleneZZ\"]}]}<\/script>\n<!-- \/ Yoast SEO plugin. -->","yoast_head_json":{"title":"Arkadiusz Linkowski - zielone zanurzenie","robots":{"index":"index","follow":"follow","max-snippet":"max-snippet:-1","max-image-preview":"max-image-preview:large","max-video-preview":"max-video-preview:-1"},"canonical":"https:\/\/zielonezanurzenie.pl\/?page_id=310","og_locale":"pl_PL","og_type":"article","og_title":"Arkadiusz Linkowski - zielone zanurzenie","og_description":"In\u017cynier ogrodnictwa, specjalista w zakresie kszta\u0142towania teren\u00f3w zieleni, Inspektor Nadzoru Teren\u00f3w Zieleni (INTZ). Od wielu lat z pasj\u0105 dba o to, by ro\u015bliny w przestrzeni miejskiej i prywatnej mog\u0142y wzrasta\u0107 w zgodzie z natur\u0105. Nadzorowa\u0142 liczne inwestycje \u2013 od kameralnych ogrod\u00f3w po wielomilionowe projekty publiczne \u2013 pilnuj\u0105c, by ka\u017cda realizacja by\u0142a prowadzona z poszanowaniem dla &hellip; Czytaj dalej \u201eArkadiusz Linkowski\u201d","og_url":"https:\/\/zielonezanurzenie.pl\/?page_id=310","og_site_name":"zielone zanurzenie","article_publisher":"https:\/\/www.facebook.com\/profile.php?id=61573322280283","article_modified_time":"2025-11-13T12:13:52+00:00","og_image":[{"width":500,"height":500,"url":"https:\/\/zielonezanurzenie.pl\/wp-content\/uploads\/2024\/11\/Projekt-bez-nazwy-1.jpg","type":"image\/jpeg"}],"twitter_card":"summary_large_image","twitter_misc":{"Szacowany czas czytania":"1 minuta"},"schema":{"@context":"https:\/\/schema.org","@graph":[{"@type":"WebPage","@id":"https:\/\/zielonezanurzenie.pl\/?page_id=310","url":"https:\/\/zielonezanurzenie.pl\/?page_id=310","name":"Arkadiusz Linkowski - zielone zanurzenie","isPartOf":{"@id":"https:\/\/zielonezanurzenie.pl\/#website"},"datePublished":"2025-10-28T19:44:13+00:00","dateModified":"2025-11-13T12:13:52+00:00","breadcrumb":{"@id":"https:\/\/zielonezanurzenie.pl\/?page_id=310#breadcrumb"},"inLanguage":"pl-PL","potentialAction":[{"@type":"ReadAction","target":["https:\/\/zielonezanurzenie.pl\/?page_id=310"]}]},{"@type":"BreadcrumbList","@id":"https:\/\/zielonezanurzenie.pl\/?page_id=310#breadcrumb","itemListElement":[{"@type":"ListItem","position":1,"name":"Home","item":"https:\/\/zielonezanurzenie.pl\/"},{"@type":"ListItem","position":2,"name":"Arkadiusz Linkowski"}]},{"@type":"WebSite","@id":"https:\/\/zielonezanurzenie.pl\/#website","url":"https:\/\/zielonezanurzenie.pl\/","name":"zielone zanurzenie","description":"Zanurz si\u0119 w zieleni razem z naszym wsparciem. Odkryj swoj\u0105 \u015bcie\u017ck\u0119 wsp\u00f3\u0142pracy \u2013 od projektu przestrzeni, przez kontakt z natur\u0105, po sztuk\u0119 inspirowan\u0105 jej pi\u0119knem.","publisher":{"@id":"https:\/\/zielonezanurzenie.pl\/#organization"},"alternateName":"k\u0105piele le\u015bne ZZ","potentialAction":[{"@type":"SearchAction","target":{"@type":"EntryPoint","urlTemplate":"https:\/\/zielonezanurzenie.pl\/?s={search_term_string}"},"query-input":{"@type":"PropertyValueSpecification","valueRequired":true,"valueName":"search_term_string"}}],"inLanguage":"pl-PL"},{"@type":"Organization","@id":"https:\/\/zielonezanurzenie.pl\/#organization","name":"zielone zanurzenie","url":"https:\/\/zielonezanurzenie.pl\/","logo":{"@type":"ImageObject","inLanguage":"pl-PL","@id":"https:\/\/zielonezanurzenie.pl\/#\/schema\/logo\/image\/","url":"https:\/\/zielonezanurzenie.pl\/wp-content\/uploads\/2024\/11\/Projekt-bez-nazwy-1.jpg","contentUrl":"https:\/\/zielonezanurzenie.pl\/wp-content\/uploads\/2024\/11\/Projekt-bez-nazwy-1.jpg","width":500,"height":500,"caption":"zielone zanurzenie"},"image":{"@id":"https:\/\/zielonezanurzenie.pl\/#\/schema\/logo\/image\/"},"sameAs":["https:\/\/www.facebook.com\/profile.php?id=61573322280283","https:\/\/pl.pinterest.com\/ZZieloneZanurzenie\/","https:\/\/www.instagram.com\/kapielelesne_zz\/","https:\/\/www.youtube.com\/@KpieleleneZZ"]}]}},"jetpack_sharing_enabled":true,"_links":{"self":[{"href":"https:\/\/zielonezanurzenie.pl\/index.php?rest_route=\/wp\/v2\/pages\/310","targetHints":{"allow":["GET"]}}],"collection":[{"href":"https:\/\/zielonezanurzenie.pl\/index.php?rest_route=\/wp\/v2\/pages"}],"about":[{"href":"https:\/\/zielonezanurzenie.pl\/index.php?rest_route=\/wp\/v2\/types\/page"}],"author":[{"embeddable":true,"href":"https:\/\/zielonezanurzenie.pl\/index.php?rest_route=\/wp\/v2\/users\/1"}],"replies":[{"embeddable":true,"href":"https:\/\/zielonezanurzenie.pl\/index.php?rest_route=%2Fwp%2Fv2%2Fcomments&post=310"}],"version-history":[{"count":2,"href":"https:\/\/zielonezanurzenie.pl\/index.php?rest_route=\/wp\/v2\/pages\/310\/revisions"}],"predecessor-version":[{"id":431,"href":"https:\/\/zielonezanurzenie.pl\/index.php?rest_route=\/wp\/v2\/pages\/310\/revisions\/431"}],"wp:attachment":[{"href":"https:\/\/zielonezanurzenie.pl\/index.php?rest_route=%2Fwp%2Fv2%2Fmedia&parent=310"}],"curies":[{"name":"wp","href":"https:\/\/api.w.org\/{rel}","templated":true}]}}