{"id":309,"date":"2025-10-28T20:44:13","date_gmt":"2025-10-28T19:44:13","guid":{"rendered":"https:\/\/zielonezanurzenie.pl\/?page_id=309"},"modified":"2025-10-28T23:09:49","modified_gmt":"2025-10-28T22:09:49","slug":"hipoterapia","status":"publish","type":"page","link":"https:\/\/zielonezanurzenie.pl\/?page_id=309","title":{"rendered":"Hipoterapia"},"content":{"rendered":"<p class=\"has-medium-font-size\">Dzielne koniki, Wiola i Carewicz, ch\u0119tnie wspieraj\u0105 naszych go\u015bci swoim towarzystwem. To ich ulubiona &#8222;praca&#8221; i bardzo wa\u017cne zadanie. <\/p><p class=\"has-medium-font-size\">Wiola jest ciekawskim i delikatnym konikiem polskim, lubi\u0105cym towarzystwo ludzi i innych zwierz\u0105t. Carewicz jest do\u015bwiadczonym w hipoterapii hucu\u0142em wspania\u0142ym przyjacielem.<\/p>","protected":false},"excerpt":{"rendered":"<p>Dzielne koniki, Wiola i Carewicz, ch\u0119tnie wspieraj\u0105 naszych go\u015bci swoim towarzystwem. To ich ulubiona &#8222;praca&#8221; i bardzo wa\u017cne zadanie. Wiola jest ciekawskim i delikatnym konikiem polskim, lubi\u0105cym towarzystwo ludzi i innych zwierz\u0105t. Carewicz jest do\u015bwiadczonym w hipoterapii hucu\u0142em wspania\u0142ym przyjacielem.<\/p>\n","protected":false},"author":1,"featured_media":0,"parent":0,"menu_order":0,"comment_status":"closed","ping_status":"closed","template":"","meta":{"footnotes":""},"class_list":["post-309","page","type-page","status-publish","hentry"],"yoast_head":"<!-- This site is optimized with the Yoast SEO plugin v23.9 - https:\/\/yoast.com\/wordpress\/plugins\/seo\/ -->\n<title>Hipoterapia - zielone zanurzenie<\/title>\n<meta name=\"robots\" content=\"index, follow, max-snippet:-1, max-image-preview:large, max-video-preview:-1\" \/>\n<link rel=\"canonical\" href=\"https:\/\/zielonezanurzenie.pl\/?page_id=309\" \/>\n<meta property=\"og:locale\" content=\"pl_PL\" \/>\n<meta property=\"og:type\" content=\"article\" \/>\n<meta property=\"og:title\" content=\"Hipoterapia - zielone zanurzenie\" \/>\n<meta property=\"og:description\" content=\"Dzielne koniki, Wiola i Carewicz, ch\u0119tnie wspieraj\u0105 naszych go\u015bci swoim towarzystwem. To ich ulubiona &#8222;praca&#8221; i bardzo wa\u017cne zadanie. Wiola jest ciekawskim i delikatnym konikiem polskim, lubi\u0105cym towarzystwo ludzi i innych zwierz\u0105t. Carewicz jest do\u015bwiadczonym w hipoterapii hucu\u0142em wspania\u0142ym przyjacielem.\" \/>\n<meta property=\"og:url\" content=\"https:\/\/zielonezanurzenie.pl\/?page_id=309\" \/>\n<meta property=\"og:site_name\" content=\"zielone zanurzenie\" \/>\n<meta property=\"article:publisher\" content=\"https:\/\/www.facebook.com\/profile.php?id=61573322280283\" \/>\n<meta property=\"article:modified_time\" content=\"2025-10-28T22:09:49+00:00\" \/>\n<meta property=\"og:image\" content=\"https:\/\/zielonezanurzenie.pl\/wp-content\/uploads\/2024\/11\/Projekt-bez-nazwy-1.jpg\" \/>\n\t<meta property=\"og:image:width\" content=\"500\" \/>\n\t<meta property=\"og:image:height\" content=\"500\" \/>\n\t<meta property=\"og:image:type\" content=\"image\/jpeg\" \/>\n<meta name=\"twitter:card\" content=\"summary_large_image\" \/>\n<meta name=\"twitter:label1\" content=\"Szacowany czas czytania\" \/>\n\t<meta name=\"twitter:data1\" content=\"1 minuta\" \/>\n<script type=\"application\/ld+json\" class=\"yoast-schema-graph\">{\"@context\":\"https:\/\/schema.org\",\"@graph\":[{\"@type\":\"WebPage\",\"@id\":\"https:\/\/zielonezanurzenie.pl\/?page_id=309\",\"url\":\"https:\/\/zielonezanurzenie.pl\/?page_id=309\",\"name\":\"Hipoterapia - zielone zanurzenie\",\"isPartOf\":{\"@id\":\"https:\/\/zielonezanurzenie.pl\/#website\"},\"datePublished\":\"2025-10-28T19:44:13+00:00\",\"dateModified\":\"2025-10-28T22:09:49+00:00\",\"breadcrumb\":{\"@id\":\"https:\/\/zielonezanurzenie.pl\/?page_id=309#breadcrumb\"},\"inLanguage\":\"pl-PL\",\"potentialAction\":[{\"@type\":\"ReadAction\",\"target\":[\"https:\/\/zielonezanurzenie.pl\/?page_id=309\"]}]},{\"@type\":\"BreadcrumbList\",\"@id\":\"https:\/\/zielonezanurzenie.pl\/?page_id=309#breadcrumb\",\"itemListElement\":[{\"@type\":\"ListItem\",\"position\":1,\"name\":\"Home\",\"item\":\"https:\/\/zielonezanurzenie.pl\/\"},{\"@type\":\"ListItem\",\"position\":2,\"name\":\"Hipoterapia\"}]},{\"@type\":\"WebSite\",\"@id\":\"https:\/\/zielonezanurzenie.pl\/#website\",\"url\":\"https:\/\/zielonezanurzenie.pl\/\",\"name\":\"zielone zanurzenie\",\"description\":\"Zanurz si\u0119 w zieleni razem z naszym wsparciem. Odkryj swoj\u0105 \u015bcie\u017ck\u0119 wsp\u00f3\u0142pracy \u2013 od projektu przestrzeni, przez kontakt z natur\u0105, po sztuk\u0119 inspirowan\u0105 jej pi\u0119knem.\",\"publisher\":{\"@id\":\"https:\/\/zielonezanurzenie.pl\/#organization\"},\"alternateName\":\"k\u0105piele le\u015bne ZZ\",\"potentialAction\":[{\"@type\":\"SearchAction\",\"target\":{\"@type\":\"EntryPoint\",\"urlTemplate\":\"https:\/\/zielonezanurzenie.pl\/?s={search_term_string}\"},\"query-input\":{\"@type\":\"PropertyValueSpecification\",\"valueRequired\":true,\"valueName\":\"search_term_string\"}}],\"inLanguage\":\"pl-PL\"},{\"@type\":\"Organization\",\"@id\":\"https:\/\/zielonezanurzenie.pl\/#organization\",\"name\":\"zielone zanurzenie\",\"url\":\"https:\/\/zielonezanurzenie.pl\/\",\"logo\":{\"@type\":\"ImageObject\",\"inLanguage\":\"pl-PL\",\"@id\":\"https:\/\/zielonezanurzenie.pl\/#\/schema\/logo\/image\/\",\"url\":\"https:\/\/zielonezanurzenie.pl\/wp-content\/uploads\/2024\/11\/Projekt-bez-nazwy-1.jpg\",\"contentUrl\":\"https:\/\/zielonezanurzenie.pl\/wp-content\/uploads\/2024\/11\/Projekt-bez-nazwy-1.jpg\",\"width\":500,\"height\":500,\"caption\":\"zielone zanurzenie\"},\"image\":{\"@id\":\"https:\/\/zielonezanurzenie.pl\/#\/schema\/logo\/image\/\"},\"sameAs\":[\"https:\/\/www.facebook.com\/profile.php?id=61573322280283\",\"https:\/\/pl.pinterest.com\/ZZieloneZanurzenie\/\",\"https:\/\/www.instagram.com\/kapielelesne_zz\/\",\"https:\/\/www.youtube.com\/@KpieleleneZZ\"]}]}<\/script>\n<!-- \/ Yoast SEO plugin. -->","yoast_head_json":{"title":"Hipoterapia - zielone zanurzenie","robots":{"index":"index","follow":"follow","max-snippet":"max-snippet:-1","max-image-preview":"max-image-preview:large","max-video-preview":"max-video-preview:-1"},"canonical":"https:\/\/zielonezanurzenie.pl\/?page_id=309","og_locale":"pl_PL","og_type":"article","og_title":"Hipoterapia - zielone zanurzenie","og_description":"Dzielne koniki, Wiola i Carewicz, ch\u0119tnie wspieraj\u0105 naszych go\u015bci swoim towarzystwem. To ich ulubiona &#8222;praca&#8221; i bardzo wa\u017cne zadanie. Wiola jest ciekawskim i delikatnym konikiem polskim, lubi\u0105cym towarzystwo ludzi i innych zwierz\u0105t. Carewicz jest do\u015bwiadczonym w hipoterapii hucu\u0142em wspania\u0142ym przyjacielem.","og_url":"https:\/\/zielonezanurzenie.pl\/?page_id=309","og_site_name":"zielone zanurzenie","article_publisher":"https:\/\/www.facebook.com\/profile.php?id=61573322280283","article_modified_time":"2025-10-28T22:09:49+00:00","og_image":[{"width":500,"height":500,"url":"https:\/\/zielonezanurzenie.pl\/wp-content\/uploads\/2024\/11\/Projekt-bez-nazwy-1.jpg","type":"image\/jpeg"}],"twitter_card":"summary_large_image","twitter_misc":{"Szacowany czas czytania":"1 minuta"},"schema":{"@context":"https:\/\/schema.org","@graph":[{"@type":"WebPage","@id":"https:\/\/zielonezanurzenie.pl\/?page_id=309","url":"https:\/\/zielonezanurzenie.pl\/?page_id=309","name":"Hipoterapia - zielone zanurzenie","isPartOf":{"@id":"https:\/\/zielonezanurzenie.pl\/#website"},"datePublished":"2025-10-28T19:44:13+00:00","dateModified":"2025-10-28T22:09:49+00:00","breadcrumb":{"@id":"https:\/\/zielonezanurzenie.pl\/?page_id=309#breadcrumb"},"inLanguage":"pl-PL","potentialAction":[{"@type":"ReadAction","target":["https:\/\/zielonezanurzenie.pl\/?page_id=309"]}]},{"@type":"BreadcrumbList","@id":"https:\/\/zielonezanurzenie.pl\/?page_id=309#breadcrumb","itemListElement":[{"@type":"ListItem","position":1,"name":"Home","item":"https:\/\/zielonezanurzenie.pl\/"},{"@type":"ListItem","position":2,"name":"Hipoterapia"}]},{"@type":"WebSite","@id":"https:\/\/zielonezanurzenie.pl\/#website","url":"https:\/\/zielonezanurzenie.pl\/","name":"zielone zanurzenie","description":"Zanurz si\u0119 w zieleni razem z naszym wsparciem. Odkryj swoj\u0105 \u015bcie\u017ck\u0119 wsp\u00f3\u0142pracy \u2013 od projektu przestrzeni, przez kontakt z natur\u0105, po sztuk\u0119 inspirowan\u0105 jej pi\u0119knem.","publisher":{"@id":"https:\/\/zielonezanurzenie.pl\/#organization"},"alternateName":"k\u0105piele le\u015bne ZZ","potentialAction":[{"@type":"SearchAction","target":{"@type":"EntryPoint","urlTemplate":"https:\/\/zielonezanurzenie.pl\/?s={search_term_string}"},"query-input":{"@type":"PropertyValueSpecification","valueRequired":true,"valueName":"search_term_string"}}],"inLanguage":"pl-PL"},{"@type":"Organization","@id":"https:\/\/zielonezanurzenie.pl\/#organization","name":"zielone zanurzenie","url":"https:\/\/zielonezanurzenie.pl\/","logo":{"@type":"ImageObject","inLanguage":"pl-PL","@id":"https:\/\/zielonezanurzenie.pl\/#\/schema\/logo\/image\/","url":"https:\/\/zielonezanurzenie.pl\/wp-content\/uploads\/2024\/11\/Projekt-bez-nazwy-1.jpg","contentUrl":"https:\/\/zielonezanurzenie.pl\/wp-content\/uploads\/2024\/11\/Projekt-bez-nazwy-1.jpg","width":500,"height":500,"caption":"zielone zanurzenie"},"image":{"@id":"https:\/\/zielonezanurzenie.pl\/#\/schema\/logo\/image\/"},"sameAs":["https:\/\/www.facebook.com\/profile.php?id=61573322280283","https:\/\/pl.pinterest.com\/ZZieloneZanurzenie\/","https:\/\/www.instagram.com\/kapielelesne_zz\/","https:\/\/www.youtube.com\/@KpieleleneZZ"]}]}},"jetpack_sharing_enabled":true,"_links":{"self":[{"href":"https:\/\/zielonezanurzenie.pl\/index.php?rest_route=\/wp\/v2\/pages\/309","targetHints":{"allow":["GET"]}}],"collection":[{"href":"https:\/\/zielonezanurzenie.pl\/index.php?rest_route=\/wp\/v2\/pages"}],"about":[{"href":"https:\/\/zielonezanurzenie.pl\/index.php?rest_route=\/wp\/v2\/types\/page"}],"author":[{"embeddable":true,"href":"https:\/\/zielonezanurzenie.pl\/index.php?rest_route=\/wp\/v2\/users\/1"}],"replies":[{"embeddable":true,"href":"https:\/\/zielonezanurzenie.pl\/index.php?rest_route=%2Fwp%2Fv2%2Fcomments&post=309"}],"version-history":[{"count":6,"href":"https:\/\/zielonezanurzenie.pl\/index.php?rest_route=\/wp\/v2\/pages\/309\/revisions"}],"predecessor-version":[{"id":442,"href":"https:\/\/zielonezanurzenie.pl\/index.php?rest_route=\/wp\/v2\/pages\/309\/revisions\/442"}],"wp:attachment":[{"href":"https:\/\/zielonezanurzenie.pl\/index.php?rest_route=%2Fwp%2Fv2%2Fmedia&parent=309"}],"curies":[{"name":"wp","href":"https:\/\/api.w.org\/{rel}","templated":true}]}}