{"id":23,"date":"2024-11-22T23:57:25","date_gmt":"2024-11-22T22:57:25","guid":{"rendered":"http:\/\/zielonezanurzenie.pl\/?page_id=23"},"modified":"2025-11-17T10:15:25","modified_gmt":"2025-11-17T09:15:25","slug":"strona-glowna","status":"publish","type":"page","link":"https:\/\/zielonezanurzenie.pl\/","title":{"rendered":"Zanurz si\u0119 w zieleni razem z nami"},"content":{"rendered":"<p class=\"has-small-font-size\"><strong>Zielone Zanurzenie<\/strong> to przestrze\u0144 spotkania cz\u0142owieka i natury.<br>\u0141\u0105czymy wiedz\u0119 z wra\u017cliwo\u015bci\u0105, sztuk\u0119 z przyrod\u0105, estetyk\u0119 z r\u00f3wnowag\u0105.<br>Wierzymy, \u017ce ka\u017cdy mo\u017ce odnale\u017a\u0107 sw\u00f3j spos\u00f3b na kontakt z natur\u0105 \u2014 poprzez przestrze\u0144, do\u015bwiadczanie lub sztuk\u0119.<br><strong>Zanurz si\u0119 w zieleni razem z naszym wsparciem.<\/strong><\/p><p class=\"has-small-font-size\"><\/p><p class=\"has-small-font-size\"><strong>Wybierz swoj\u0105 \u015bcie\u017ck\u0119 wsp\u00f3\u0142pracy:<\/strong><\/p><ul class=\"wp-block-list has-medium-font-size\"><li class=\"has-small-font-size\">zaprojektuj przestrze\u0144,<\/li>\n\n<li class=\"has-small-font-size\">do\u015bwiadcz natury,<\/li>\n\n<li class=\"has-small-font-size\">otocz si\u0119 sztuk\u0105.<\/li><\/ul><p><\/p><p><strong>Olga i Arkadiusz Linkowscy \u2013 tw\u00f3rcy Zielonego Zanurzenia<\/strong><\/p><p class=\"has-small-font-size\"><em>Poznali\u015bmy si\u0119 na studiach ogrodniczych, w kole naukowym zajmuj\u0105cym si\u0119 kszta\u0142towaniem teren\u00f3w zieleni. Od pocz\u0105tku po\u0142\u0105czy\u0142a nas pasja do natury \u2013 jej m\u0105dro\u015bci, rytmu i pi\u0119kna.<\/em> <em>Dzi\u015b razem tworzymy <strong>Zielone Zanurzenie<\/strong> \u2013 przestrze\u0144, w kt\u00f3rej \u0142\u0105czymy wiedz\u0119, sztuk\u0119 i do\u015bwiadczenie natury.<\/em><\/p><p class=\"has-small-font-size\"><strong>Olga<\/strong> \u2013 plastyczka i architektka krajobrazu, tworzy obrazy inspirowane przyrod\u0105, projektuje zielone przestrzenie  i prowadzi k\u0105piele le\u015bne, ucz\u0105c uwa\u017cno\u015bci i zachwytu.<br><strong>Arkadiusz<\/strong> \u2013 in\u017cynier i Inspektor Nadzoru Teren\u00f3w Zieleni, dba o profesjonalizm, jako\u015b\u0107 i harmoni\u0119 w ka\u017cdym zielonym projekcie.<\/p><p class=\"has-small-font-size\"><em>Razem wierzymy, \u017ce kontakt z natur\u0105 leczy, inspiruje i buduje relacje. To nasza wsp\u00f3lna \u015bcie\u017cka \u2013 i zaproszenie, by ni\u0105 pod\u0105\u017cy\u0107.<\/em><\/p><blockquote class=\"wp-block-quote is-layout-flow wp-block-quote-is-layout-flow\"><p class=\"has-medium-font-size\"><em>Zanurz si\u0119 w zieleni razem z naszym wsparciem, wybieraj\u0105c \u015bcie\u017ck\u0119, kt\u00f3ra poprowadzi Ci\u0119 najbli\u017cej natury.<\/em><\/p><\/blockquote>","protected":false},"excerpt":{"rendered":"<p>Zielone Zanurzenie to przestrze\u0144 spotkania cz\u0142owieka i natury.\u0141\u0105czymy wiedz\u0119 z wra\u017cliwo\u015bci\u0105, sztuk\u0119 z przyrod\u0105, estetyk\u0119 z r\u00f3wnowag\u0105.Wierzymy, \u017ce ka\u017cdy mo\u017ce odnale\u017a\u0107 sw\u00f3j spos\u00f3b na kontakt z natur\u0105 \u2014 poprzez przestrze\u0144, do\u015bwiadczanie lub sztuk\u0119.Zanurz si\u0119 w zieleni razem z naszym wsparciem. Wybierz swoj\u0105 \u015bcie\u017ck\u0119 wsp\u00f3\u0142pracy: Olga i Arkadiusz Linkowscy \u2013 tw\u00f3rcy Zielonego Zanurzenia Poznali\u015bmy si\u0119 na &hellip; <\/p>\n<p class=\"link-more\"><a href=\"https:\/\/zielonezanurzenie.pl\/\" class=\"more-link\">Czytaj dalej<span class=\"screen-reader-text\"> \u201eZanurz si\u0119 w zieleni razem z nami\u201d<\/span><\/a><\/p>\n","protected":false},"author":1,"featured_media":14,"parent":0,"menu_order":0,"comment_status":"closed","ping_status":"closed","template":"","meta":{"footnotes":""},"class_list":["post-23","page","type-page","status-publish","has-post-thumbnail","hentry"],"yoast_head":"<!-- This site is optimized with the Yoast SEO plugin v23.9 - https:\/\/yoast.com\/wordpress\/plugins\/seo\/ -->\n<title>Zanurz si\u0119 w zieleni razem z nami - zielone zanurzenie<\/title>\n<meta name=\"robots\" content=\"index, follow, max-snippet:-1, max-image-preview:large, max-video-preview:-1\" \/>\n<link rel=\"canonical\" href=\"https:\/\/zielonezanurzenie.pl\/\" \/>\n<meta property=\"og:locale\" content=\"pl_PL\" \/>\n<meta property=\"og:type\" content=\"article\" \/>\n<meta property=\"og:title\" content=\"Zanurz si\u0119 w zieleni razem z nami - zielone zanurzenie\" \/>\n<meta property=\"og:description\" content=\"Zielone Zanurzenie to przestrze\u0144 spotkania cz\u0142owieka i natury.\u0141\u0105czymy wiedz\u0119 z wra\u017cliwo\u015bci\u0105, sztuk\u0119 z przyrod\u0105, estetyk\u0119 z r\u00f3wnowag\u0105.Wierzymy, \u017ce ka\u017cdy mo\u017ce odnale\u017a\u0107 sw\u00f3j spos\u00f3b na kontakt z natur\u0105 \u2014 poprzez przestrze\u0144, do\u015bwiadczanie lub sztuk\u0119.Zanurz si\u0119 w zieleni razem z naszym wsparciem. Wybierz swoj\u0105 \u015bcie\u017ck\u0119 wsp\u00f3\u0142pracy: Olga i Arkadiusz Linkowscy \u2013 tw\u00f3rcy Zielonego Zanurzenia Poznali\u015bmy si\u0119 na &hellip; Czytaj dalej \u201eZanurz si\u0119 w zieleni razem z nami\u201d\" \/>\n<meta property=\"og:url\" content=\"https:\/\/zielonezanurzenie.pl\/\" \/>\n<meta property=\"og:site_name\" content=\"zielone zanurzenie\" \/>\n<meta property=\"article:publisher\" content=\"https:\/\/www.facebook.com\/profile.php?id=61573322280283\" \/>\n<meta property=\"article:modified_time\" content=\"2025-11-17T09:15:25+00:00\" \/>\n<meta property=\"og:image\" content=\"https:\/\/zielonezanurzenie.pl\/wp-content\/uploads\/2024\/11\/IMG_0142a-scaled.jpg\" \/>\n\t<meta property=\"og:image:width\" content=\"2560\" \/>\n\t<meta property=\"og:image:height\" content=\"1707\" \/>\n\t<meta property=\"og:image:type\" content=\"image\/jpeg\" \/>\n<meta name=\"twitter:card\" content=\"summary_large_image\" \/>\n<meta name=\"twitter:label1\" content=\"Szacowany czas czytania\" \/>\n\t<meta name=\"twitter:data1\" content=\"2 minuty\" \/>\n<script type=\"application\/ld+json\" class=\"yoast-schema-graph\">{\"@context\":\"https:\/\/schema.org\",\"@graph\":[{\"@type\":\"WebPage\",\"@id\":\"https:\/\/zielonezanurzenie.pl\/\",\"url\":\"https:\/\/zielonezanurzenie.pl\/\",\"name\":\"Zanurz si\u0119 w zieleni razem z nami - zielone zanurzenie\",\"isPartOf\":{\"@id\":\"https:\/\/zielonezanurzenie.pl\/#website\"},\"primaryImageOfPage\":{\"@id\":\"https:\/\/zielonezanurzenie.pl\/#primaryimage\"},\"image\":{\"@id\":\"https:\/\/zielonezanurzenie.pl\/#primaryimage\"},\"thumbnailUrl\":\"https:\/\/zielonezanurzenie.pl\/wp-content\/uploads\/2024\/11\/IMG_0142a-scaled.jpg\",\"datePublished\":\"2024-11-22T22:57:25+00:00\",\"dateModified\":\"2025-11-17T09:15:25+00:00\",\"breadcrumb\":{\"@id\":\"https:\/\/zielonezanurzenie.pl\/#breadcrumb\"},\"inLanguage\":\"pl-PL\",\"potentialAction\":[{\"@type\":\"ReadAction\",\"target\":[\"https:\/\/zielonezanurzenie.pl\/\"]}]},{\"@type\":\"ImageObject\",\"inLanguage\":\"pl-PL\",\"@id\":\"https:\/\/zielonezanurzenie.pl\/#primaryimage\",\"url\":\"https:\/\/zielonezanurzenie.pl\/wp-content\/uploads\/2024\/11\/IMG_0142a-scaled.jpg\",\"contentUrl\":\"https:\/\/zielonezanurzenie.pl\/wp-content\/uploads\/2024\/11\/IMG_0142a-scaled.jpg\",\"width\":2560,\"height\":1707},{\"@type\":\"BreadcrumbList\",\"@id\":\"https:\/\/zielonezanurzenie.pl\/#breadcrumb\",\"itemListElement\":[{\"@type\":\"ListItem\",\"position\":1,\"name\":\"Home\",\"item\":\"https:\/\/zielonezanurzenie.pl\/\"},{\"@type\":\"ListItem\",\"position\":2,\"name\":\"Zanurz si\u0119 w zieleni razem z nami\"}]},{\"@type\":\"WebSite\",\"@id\":\"https:\/\/zielonezanurzenie.pl\/#website\",\"url\":\"https:\/\/zielonezanurzenie.pl\/\",\"name\":\"zielone zanurzenie\",\"description\":\"Zanurz si\u0119 w zieleni razem z naszym wsparciem. Odkryj swoj\u0105 \u015bcie\u017ck\u0119 wsp\u00f3\u0142pracy \u2013 od projektu przestrzeni, przez kontakt z natur\u0105, po sztuk\u0119 inspirowan\u0105 jej pi\u0119knem.\",\"publisher\":{\"@id\":\"https:\/\/zielonezanurzenie.pl\/#organization\"},\"alternateName\":\"k\u0105piele le\u015bne ZZ\",\"potentialAction\":[{\"@type\":\"SearchAction\",\"target\":{\"@type\":\"EntryPoint\",\"urlTemplate\":\"https:\/\/zielonezanurzenie.pl\/?s={search_term_string}\"},\"query-input\":{\"@type\":\"PropertyValueSpecification\",\"valueRequired\":true,\"valueName\":\"search_term_string\"}}],\"inLanguage\":\"pl-PL\"},{\"@type\":\"Organization\",\"@id\":\"https:\/\/zielonezanurzenie.pl\/#organization\",\"name\":\"zielone zanurzenie\",\"url\":\"https:\/\/zielonezanurzenie.pl\/\",\"logo\":{\"@type\":\"ImageObject\",\"inLanguage\":\"pl-PL\",\"@id\":\"https:\/\/zielonezanurzenie.pl\/#\/schema\/logo\/image\/\",\"url\":\"https:\/\/zielonezanurzenie.pl\/wp-content\/uploads\/2024\/11\/Projekt-bez-nazwy-1.jpg\",\"contentUrl\":\"https:\/\/zielonezanurzenie.pl\/wp-content\/uploads\/2024\/11\/Projekt-bez-nazwy-1.jpg\",\"width\":500,\"height\":500,\"caption\":\"zielone zanurzenie\"},\"image\":{\"@id\":\"https:\/\/zielonezanurzenie.pl\/#\/schema\/logo\/image\/\"},\"sameAs\":[\"https:\/\/www.facebook.com\/profile.php?id=61573322280283\",\"https:\/\/pl.pinterest.com\/ZZieloneZanurzenie\/\",\"https:\/\/www.instagram.com\/kapielelesne_zz\/\",\"https:\/\/www.youtube.com\/@KpieleleneZZ\"]}]}<\/script>\n<!-- \/ Yoast SEO plugin. -->","yoast_head_json":{"title":"Zanurz si\u0119 w zieleni razem z nami - zielone zanurzenie","robots":{"index":"index","follow":"follow","max-snippet":"max-snippet:-1","max-image-preview":"max-image-preview:large","max-video-preview":"max-video-preview:-1"},"canonical":"https:\/\/zielonezanurzenie.pl\/","og_locale":"pl_PL","og_type":"article","og_title":"Zanurz si\u0119 w zieleni razem z nami - zielone zanurzenie","og_description":"Zielone Zanurzenie to przestrze\u0144 spotkania cz\u0142owieka i natury.\u0141\u0105czymy wiedz\u0119 z wra\u017cliwo\u015bci\u0105, sztuk\u0119 z przyrod\u0105, estetyk\u0119 z r\u00f3wnowag\u0105.Wierzymy, \u017ce ka\u017cdy mo\u017ce odnale\u017a\u0107 sw\u00f3j spos\u00f3b na kontakt z natur\u0105 \u2014 poprzez przestrze\u0144, do\u015bwiadczanie lub sztuk\u0119.Zanurz si\u0119 w zieleni razem z naszym wsparciem. Wybierz swoj\u0105 \u015bcie\u017ck\u0119 wsp\u00f3\u0142pracy: Olga i Arkadiusz Linkowscy \u2013 tw\u00f3rcy Zielonego Zanurzenia Poznali\u015bmy si\u0119 na &hellip; Czytaj dalej \u201eZanurz si\u0119 w zieleni razem z nami\u201d","og_url":"https:\/\/zielonezanurzenie.pl\/","og_site_name":"zielone zanurzenie","article_publisher":"https:\/\/www.facebook.com\/profile.php?id=61573322280283","article_modified_time":"2025-11-17T09:15:25+00:00","og_image":[{"width":2560,"height":1707,"url":"https:\/\/zielonezanurzenie.pl\/wp-content\/uploads\/2024\/11\/IMG_0142a-scaled.jpg","type":"image\/jpeg"}],"twitter_card":"summary_large_image","twitter_misc":{"Szacowany czas czytania":"2 minuty"},"schema":{"@context":"https:\/\/schema.org","@graph":[{"@type":"WebPage","@id":"https:\/\/zielonezanurzenie.pl\/","url":"https:\/\/zielonezanurzenie.pl\/","name":"Zanurz si\u0119 w zieleni razem z nami - zielone zanurzenie","isPartOf":{"@id":"https:\/\/zielonezanurzenie.pl\/#website"},"primaryImageOfPage":{"@id":"https:\/\/zielonezanurzenie.pl\/#primaryimage"},"image":{"@id":"https:\/\/zielonezanurzenie.pl\/#primaryimage"},"thumbnailUrl":"https:\/\/zielonezanurzenie.pl\/wp-content\/uploads\/2024\/11\/IMG_0142a-scaled.jpg","datePublished":"2024-11-22T22:57:25+00:00","dateModified":"2025-11-17T09:15:25+00:00","breadcrumb":{"@id":"https:\/\/zielonezanurzenie.pl\/#breadcrumb"},"inLanguage":"pl-PL","potentialAction":[{"@type":"ReadAction","target":["https:\/\/zielonezanurzenie.pl\/"]}]},{"@type":"ImageObject","inLanguage":"pl-PL","@id":"https:\/\/zielonezanurzenie.pl\/#primaryimage","url":"https:\/\/zielonezanurzenie.pl\/wp-content\/uploads\/2024\/11\/IMG_0142a-scaled.jpg","contentUrl":"https:\/\/zielonezanurzenie.pl\/wp-content\/uploads\/2024\/11\/IMG_0142a-scaled.jpg","width":2560,"height":1707},{"@type":"BreadcrumbList","@id":"https:\/\/zielonezanurzenie.pl\/#breadcrumb","itemListElement":[{"@type":"ListItem","position":1,"name":"Home","item":"https:\/\/zielonezanurzenie.pl\/"},{"@type":"ListItem","position":2,"name":"Zanurz si\u0119 w zieleni razem z nami"}]},{"@type":"WebSite","@id":"https:\/\/zielonezanurzenie.pl\/#website","url":"https:\/\/zielonezanurzenie.pl\/","name":"zielone zanurzenie","description":"Zanurz si\u0119 w zieleni razem z naszym wsparciem. Odkryj swoj\u0105 \u015bcie\u017ck\u0119 wsp\u00f3\u0142pracy \u2013 od projektu przestrzeni, przez kontakt z natur\u0105, po sztuk\u0119 inspirowan\u0105 jej pi\u0119knem.","publisher":{"@id":"https:\/\/zielonezanurzenie.pl\/#organization"},"alternateName":"k\u0105piele le\u015bne ZZ","potentialAction":[{"@type":"SearchAction","target":{"@type":"EntryPoint","urlTemplate":"https:\/\/zielonezanurzenie.pl\/?s={search_term_string}"},"query-input":{"@type":"PropertyValueSpecification","valueRequired":true,"valueName":"search_term_string"}}],"inLanguage":"pl-PL"},{"@type":"Organization","@id":"https:\/\/zielonezanurzenie.pl\/#organization","name":"zielone zanurzenie","url":"https:\/\/zielonezanurzenie.pl\/","logo":{"@type":"ImageObject","inLanguage":"pl-PL","@id":"https:\/\/zielonezanurzenie.pl\/#\/schema\/logo\/image\/","url":"https:\/\/zielonezanurzenie.pl\/wp-content\/uploads\/2024\/11\/Projekt-bez-nazwy-1.jpg","contentUrl":"https:\/\/zielonezanurzenie.pl\/wp-content\/uploads\/2024\/11\/Projekt-bez-nazwy-1.jpg","width":500,"height":500,"caption":"zielone zanurzenie"},"image":{"@id":"https:\/\/zielonezanurzenie.pl\/#\/schema\/logo\/image\/"},"sameAs":["https:\/\/www.facebook.com\/profile.php?id=61573322280283","https:\/\/pl.pinterest.com\/ZZieloneZanurzenie\/","https:\/\/www.instagram.com\/kapielelesne_zz\/","https:\/\/www.youtube.com\/@KpieleleneZZ"]}]}},"jetpack_sharing_enabled":true,"_links":{"self":[{"href":"https:\/\/zielonezanurzenie.pl\/index.php?rest_route=\/wp\/v2\/pages\/23","targetHints":{"allow":["GET"]}}],"collection":[{"href":"https:\/\/zielonezanurzenie.pl\/index.php?rest_route=\/wp\/v2\/pages"}],"about":[{"href":"https:\/\/zielonezanurzenie.pl\/index.php?rest_route=\/wp\/v2\/types\/page"}],"author":[{"embeddable":true,"href":"https:\/\/zielonezanurzenie.pl\/index.php?rest_route=\/wp\/v2\/users\/1"}],"replies":[{"embeddable":true,"href":"https:\/\/zielonezanurzenie.pl\/index.php?rest_route=%2Fwp%2Fv2%2Fcomments&post=23"}],"version-history":[{"count":29,"href":"https:\/\/zielonezanurzenie.pl\/index.php?rest_route=\/wp\/v2\/pages\/23\/revisions"}],"predecessor-version":[{"id":505,"href":"https:\/\/zielonezanurzenie.pl\/index.php?rest_route=\/wp\/v2\/pages\/23\/revisions\/505"}],"wp:featuredmedia":[{"embeddable":true,"href":"https:\/\/zielonezanurzenie.pl\/index.php?rest_route=\/wp\/v2\/media\/14"}],"wp:attachment":[{"href":"https:\/\/zielonezanurzenie.pl\/index.php?rest_route=%2Fwp%2Fv2%2Fmedia&parent=23"}],"curies":[{"name":"wp","href":"https:\/\/api.w.org\/{rel}","templated":true}]}}