{"id":2,"date":"2024-11-22T23:09:01","date_gmt":"2024-11-22T22:09:01","guid":{"rendered":"http:\/\/zielonezanurzenie.pl\/?page_id=2"},"modified":"2026-03-10T21:47:46","modified_gmt":"2026-03-10T20:47:46","slug":"przykladowa-strona","status":"publish","type":"page","link":"https:\/\/zielonezanurzenie.pl\/?page_id=2","title":{"rendered":"Olga Kazi\u0144ska-Linkowska"},"content":{"rendered":"<p><strong>Architektka krajobrazu, mgr in\u017c.<\/strong> \u2013 uko\u0144czy\u0142a studia magisterskie na kierunku architektura krajobrazu oraz studia in\u017cynierskie na kierunku ogrodnictwo o specjalno\u015bci kszta\u0142towanie teren\u00f3w zieleni. Od ponad 20 lat zajmuje si\u0119 projektowaniem i realizacj\u0105 teren\u00f3w zieleni publicznej i prywatnej \u2013 od ogrod\u00f3w przydomowych, przez skwery i rynki miejskie, po rozleg\u0142e parki. Jest Inspektorem Nadzoru Teren\u00f3w Zieleni, a obecnie pracuje jako Kierownik Biura Zieleni Miejskiej \u2013 Architekt Krajobrazu w Urz\u0119dzie Miejskim.<\/p><p>Jej wykszta\u0142cenie i wieloletnia praktyka pozwoli\u0142y nie tylko zdoby\u0107 dog\u0142\u0119bn\u0105 wiedz\u0119 o ro\u015blinach i ich potrzebach, ale tak\u017ce zrozumie\u0107, jak przestrze\u0144 i kontakt z natur\u0105 wp\u0142ywaj\u0105 na nasze samopoczucie i zdrowie. Specjalizuje si\u0119 w projektowaniu przestrzeni dost\u0119pnych bez barier oraz ogrod\u00f3w terapeutycznych wspieraj\u0105cych k\u0105piele le\u015bne i procesy zdrowienia, m.in. przy gabinetach psychologicznych.<\/p><p>Jest cz\u0142onkini\u0105 Polskiego Towarzystwa K\u0105pieli Le\u015bnych i Terapii Lasem. Prowadzi k\u0105piele le\u015bne, plenery malarskie oraz zaj\u0119cia plastyczne. Sporadycznie prowadzi r\u00f3wnie\u017c hipoterapi\u0119 (certyfikat Instruktora Rekreacji Ruchowej).<\/p><p>Absolwentka Pa\u0144stwowego Liceum Sztuk Plastycznych, tworzy obrazy i rysunki inspirowane natur\u0105, pracuj\u0105c g\u0142\u00f3wnie w plenerze. Jej zainteresowania koncentruj\u0105 si\u0119 wok\u00f3\u0142 relacji cz\u0142owieka z lasem, terapeutycznego wp\u0142ywu \u015brodowiska naturalnego oraz ochrony i \u015bwiadomego kszta\u0142towania zieleni.<\/p><p>Tworzy i pracuje w otoczeniu natury. Mieszka z rodzin\u0105 w s\u0105siedztwie lasu, gdzie prowadzi ogr\u00f3d le\u015bny i rozwija dzia\u0142ania sprzyjaj\u0105ce pog\u0142\u0119bianiu kontaktu cz\u0142owieka z natur\u0105.<\/p><p><\/p><p><\/p><p><\/p>","protected":false},"excerpt":{"rendered":"<p>Architektka krajobrazu, mgr in\u017c. \u2013 uko\u0144czy\u0142a studia magisterskie na kierunku architektura krajobrazu oraz studia in\u017cynierskie na kierunku ogrodnictwo o specjalno\u015bci kszta\u0142towanie teren\u00f3w zieleni. Od ponad 20 lat zajmuje si\u0119 projektowaniem i realizacj\u0105 teren\u00f3w zieleni publicznej i prywatnej \u2013 od ogrod\u00f3w przydomowych, przez skwery i rynki miejskie, po rozleg\u0142e parki. Jest Inspektorem Nadzoru Teren\u00f3w Zieleni, a &hellip; <\/p>\n<p class=\"link-more\"><a href=\"https:\/\/zielonezanurzenie.pl\/?page_id=2\" class=\"more-link\">Czytaj dalej<span class=\"screen-reader-text\"> \u201eOlga Kazi\u0144ska-Linkowska\u201d<\/span><\/a><\/p>\n","protected":false},"author":1,"featured_media":82,"parent":0,"menu_order":0,"comment_status":"closed","ping_status":"closed","template":"","meta":{"footnotes":""},"class_list":["post-2","page","type-page","status-publish","has-post-thumbnail","hentry"],"yoast_head":"<!-- This site is optimized with the Yoast SEO plugin v23.9 - https:\/\/yoast.com\/wordpress\/plugins\/seo\/ -->\n<title>Olga Kazi\u0144ska-Linkowska - zielone zanurzenie<\/title>\n<meta name=\"robots\" content=\"index, follow, max-snippet:-1, max-image-preview:large, max-video-preview:-1\" \/>\n<link rel=\"canonical\" href=\"https:\/\/zielonezanurzenie.pl\/?page_id=2\" \/>\n<meta property=\"og:locale\" content=\"pl_PL\" \/>\n<meta property=\"og:type\" content=\"article\" \/>\n<meta property=\"og:title\" content=\"Olga Kazi\u0144ska-Linkowska - zielone zanurzenie\" \/>\n<meta property=\"og:description\" content=\"Architektka krajobrazu, mgr in\u017c. \u2013 uko\u0144czy\u0142a studia magisterskie na kierunku architektura krajobrazu oraz studia in\u017cynierskie na kierunku ogrodnictwo o specjalno\u015bci kszta\u0142towanie teren\u00f3w zieleni. Od ponad 20 lat zajmuje si\u0119 projektowaniem i realizacj\u0105 teren\u00f3w zieleni publicznej i prywatnej \u2013 od ogrod\u00f3w przydomowych, przez skwery i rynki miejskie, po rozleg\u0142e parki. Jest Inspektorem Nadzoru Teren\u00f3w Zieleni, a &hellip; Czytaj dalej \u201eOlga Kazi\u0144ska-Linkowska\u201d\" \/>\n<meta property=\"og:url\" content=\"https:\/\/zielonezanurzenie.pl\/?page_id=2\" \/>\n<meta property=\"og:site_name\" content=\"zielone zanurzenie\" \/>\n<meta property=\"article:publisher\" content=\"https:\/\/www.facebook.com\/profile.php?id=61573322280283\" \/>\n<meta property=\"article:modified_time\" content=\"2026-03-10T20:47:46+00:00\" \/>\n<meta property=\"og:image\" content=\"https:\/\/zielonezanurzenie.pl\/wp-content\/uploads\/2024\/11\/IMG_0798a-scaled.jpg\" \/>\n\t<meta property=\"og:image:width\" content=\"2560\" \/>\n\t<meta property=\"og:image:height\" content=\"1707\" \/>\n\t<meta property=\"og:image:type\" content=\"image\/jpeg\" \/>\n<meta name=\"twitter:card\" content=\"summary_large_image\" \/>\n<meta name=\"twitter:label1\" content=\"Szacowany czas czytania\" \/>\n\t<meta name=\"twitter:data1\" content=\"2 minuty\" \/>\n<script type=\"application\/ld+json\" class=\"yoast-schema-graph\">{\"@context\":\"https:\/\/schema.org\",\"@graph\":[{\"@type\":\"WebPage\",\"@id\":\"https:\/\/zielonezanurzenie.pl\/?page_id=2\",\"url\":\"https:\/\/zielonezanurzenie.pl\/?page_id=2\",\"name\":\"Olga Kazi\u0144ska-Linkowska - zielone zanurzenie\",\"isPartOf\":{\"@id\":\"https:\/\/zielonezanurzenie.pl\/#website\"},\"primaryImageOfPage\":{\"@id\":\"https:\/\/zielonezanurzenie.pl\/?page_id=2#primaryimage\"},\"image\":{\"@id\":\"https:\/\/zielonezanurzenie.pl\/?page_id=2#primaryimage\"},\"thumbnailUrl\":\"https:\/\/zielonezanurzenie.pl\/wp-content\/uploads\/2024\/11\/IMG_0798a-scaled.jpg\",\"datePublished\":\"2024-11-22T22:09:01+00:00\",\"dateModified\":\"2026-03-10T20:47:46+00:00\",\"breadcrumb\":{\"@id\":\"https:\/\/zielonezanurzenie.pl\/?page_id=2#breadcrumb\"},\"inLanguage\":\"pl-PL\",\"potentialAction\":[{\"@type\":\"ReadAction\",\"target\":[\"https:\/\/zielonezanurzenie.pl\/?page_id=2\"]}]},{\"@type\":\"ImageObject\",\"inLanguage\":\"pl-PL\",\"@id\":\"https:\/\/zielonezanurzenie.pl\/?page_id=2#primaryimage\",\"url\":\"https:\/\/zielonezanurzenie.pl\/wp-content\/uploads\/2024\/11\/IMG_0798a-scaled.jpg\",\"contentUrl\":\"https:\/\/zielonezanurzenie.pl\/wp-content\/uploads\/2024\/11\/IMG_0798a-scaled.jpg\",\"width\":2560,\"height\":1707},{\"@type\":\"BreadcrumbList\",\"@id\":\"https:\/\/zielonezanurzenie.pl\/?page_id=2#breadcrumb\",\"itemListElement\":[{\"@type\":\"ListItem\",\"position\":1,\"name\":\"Home\",\"item\":\"https:\/\/zielonezanurzenie.pl\/\"},{\"@type\":\"ListItem\",\"position\":2,\"name\":\"Olga Kazi\u0144ska-Linkowska\"}]},{\"@type\":\"WebSite\",\"@id\":\"https:\/\/zielonezanurzenie.pl\/#website\",\"url\":\"https:\/\/zielonezanurzenie.pl\/\",\"name\":\"zielone zanurzenie\",\"description\":\"Zanurz si\u0119 w zieleni razem z naszym wsparciem. Odkryj swoj\u0105 \u015bcie\u017ck\u0119 wsp\u00f3\u0142pracy \u2013 od projektu przestrzeni, przez kontakt z natur\u0105, po sztuk\u0119 inspirowan\u0105 jej pi\u0119knem.\",\"publisher\":{\"@id\":\"https:\/\/zielonezanurzenie.pl\/#organization\"},\"alternateName\":\"k\u0105piele le\u015bne ZZ\",\"potentialAction\":[{\"@type\":\"SearchAction\",\"target\":{\"@type\":\"EntryPoint\",\"urlTemplate\":\"https:\/\/zielonezanurzenie.pl\/?s={search_term_string}\"},\"query-input\":{\"@type\":\"PropertyValueSpecification\",\"valueRequired\":true,\"valueName\":\"search_term_string\"}}],\"inLanguage\":\"pl-PL\"},{\"@type\":\"Organization\",\"@id\":\"https:\/\/zielonezanurzenie.pl\/#organization\",\"name\":\"zielone zanurzenie\",\"url\":\"https:\/\/zielonezanurzenie.pl\/\",\"logo\":{\"@type\":\"ImageObject\",\"inLanguage\":\"pl-PL\",\"@id\":\"https:\/\/zielonezanurzenie.pl\/#\/schema\/logo\/image\/\",\"url\":\"https:\/\/zielonezanurzenie.pl\/wp-content\/uploads\/2024\/11\/Projekt-bez-nazwy-1.jpg\",\"contentUrl\":\"https:\/\/zielonezanurzenie.pl\/wp-content\/uploads\/2024\/11\/Projekt-bez-nazwy-1.jpg\",\"width\":500,\"height\":500,\"caption\":\"zielone zanurzenie\"},\"image\":{\"@id\":\"https:\/\/zielonezanurzenie.pl\/#\/schema\/logo\/image\/\"},\"sameAs\":[\"https:\/\/www.facebook.com\/profile.php?id=61573322280283\",\"https:\/\/pl.pinterest.com\/ZZieloneZanurzenie\/\",\"https:\/\/www.instagram.com\/kapielelesne_zz\/\",\"https:\/\/www.youtube.com\/@KpieleleneZZ\"]}]}<\/script>\n<!-- \/ Yoast SEO plugin. -->","yoast_head_json":{"title":"Olga Kazi\u0144ska-Linkowska - zielone zanurzenie","robots":{"index":"index","follow":"follow","max-snippet":"max-snippet:-1","max-image-preview":"max-image-preview:large","max-video-preview":"max-video-preview:-1"},"canonical":"https:\/\/zielonezanurzenie.pl\/?page_id=2","og_locale":"pl_PL","og_type":"article","og_title":"Olga Kazi\u0144ska-Linkowska - zielone zanurzenie","og_description":"Architektka krajobrazu, mgr in\u017c. \u2013 uko\u0144czy\u0142a studia magisterskie na kierunku architektura krajobrazu oraz studia in\u017cynierskie na kierunku ogrodnictwo o specjalno\u015bci kszta\u0142towanie teren\u00f3w zieleni. Od ponad 20 lat zajmuje si\u0119 projektowaniem i realizacj\u0105 teren\u00f3w zieleni publicznej i prywatnej \u2013 od ogrod\u00f3w przydomowych, przez skwery i rynki miejskie, po rozleg\u0142e parki. Jest Inspektorem Nadzoru Teren\u00f3w Zieleni, a &hellip; Czytaj dalej \u201eOlga Kazi\u0144ska-Linkowska\u201d","og_url":"https:\/\/zielonezanurzenie.pl\/?page_id=2","og_site_name":"zielone zanurzenie","article_publisher":"https:\/\/www.facebook.com\/profile.php?id=61573322280283","article_modified_time":"2026-03-10T20:47:46+00:00","og_image":[{"width":2560,"height":1707,"url":"https:\/\/zielonezanurzenie.pl\/wp-content\/uploads\/2024\/11\/IMG_0798a-scaled.jpg","type":"image\/jpeg"}],"twitter_card":"summary_large_image","twitter_misc":{"Szacowany czas czytania":"2 minuty"},"schema":{"@context":"https:\/\/schema.org","@graph":[{"@type":"WebPage","@id":"https:\/\/zielonezanurzenie.pl\/?page_id=2","url":"https:\/\/zielonezanurzenie.pl\/?page_id=2","name":"Olga Kazi\u0144ska-Linkowska - zielone zanurzenie","isPartOf":{"@id":"https:\/\/zielonezanurzenie.pl\/#website"},"primaryImageOfPage":{"@id":"https:\/\/zielonezanurzenie.pl\/?page_id=2#primaryimage"},"image":{"@id":"https:\/\/zielonezanurzenie.pl\/?page_id=2#primaryimage"},"thumbnailUrl":"https:\/\/zielonezanurzenie.pl\/wp-content\/uploads\/2024\/11\/IMG_0798a-scaled.jpg","datePublished":"2024-11-22T22:09:01+00:00","dateModified":"2026-03-10T20:47:46+00:00","breadcrumb":{"@id":"https:\/\/zielonezanurzenie.pl\/?page_id=2#breadcrumb"},"inLanguage":"pl-PL","potentialAction":[{"@type":"ReadAction","target":["https:\/\/zielonezanurzenie.pl\/?page_id=2"]}]},{"@type":"ImageObject","inLanguage":"pl-PL","@id":"https:\/\/zielonezanurzenie.pl\/?page_id=2#primaryimage","url":"https:\/\/zielonezanurzenie.pl\/wp-content\/uploads\/2024\/11\/IMG_0798a-scaled.jpg","contentUrl":"https:\/\/zielonezanurzenie.pl\/wp-content\/uploads\/2024\/11\/IMG_0798a-scaled.jpg","width":2560,"height":1707},{"@type":"BreadcrumbList","@id":"https:\/\/zielonezanurzenie.pl\/?page_id=2#breadcrumb","itemListElement":[{"@type":"ListItem","position":1,"name":"Home","item":"https:\/\/zielonezanurzenie.pl\/"},{"@type":"ListItem","position":2,"name":"Olga Kazi\u0144ska-Linkowska"}]},{"@type":"WebSite","@id":"https:\/\/zielonezanurzenie.pl\/#website","url":"https:\/\/zielonezanurzenie.pl\/","name":"zielone zanurzenie","description":"Zanurz si\u0119 w zieleni razem z naszym wsparciem. Odkryj swoj\u0105 \u015bcie\u017ck\u0119 wsp\u00f3\u0142pracy \u2013 od projektu przestrzeni, przez kontakt z natur\u0105, po sztuk\u0119 inspirowan\u0105 jej pi\u0119knem.","publisher":{"@id":"https:\/\/zielonezanurzenie.pl\/#organization"},"alternateName":"k\u0105piele le\u015bne ZZ","potentialAction":[{"@type":"SearchAction","target":{"@type":"EntryPoint","urlTemplate":"https:\/\/zielonezanurzenie.pl\/?s={search_term_string}"},"query-input":{"@type":"PropertyValueSpecification","valueRequired":true,"valueName":"search_term_string"}}],"inLanguage":"pl-PL"},{"@type":"Organization","@id":"https:\/\/zielonezanurzenie.pl\/#organization","name":"zielone zanurzenie","url":"https:\/\/zielonezanurzenie.pl\/","logo":{"@type":"ImageObject","inLanguage":"pl-PL","@id":"https:\/\/zielonezanurzenie.pl\/#\/schema\/logo\/image\/","url":"https:\/\/zielonezanurzenie.pl\/wp-content\/uploads\/2024\/11\/Projekt-bez-nazwy-1.jpg","contentUrl":"https:\/\/zielonezanurzenie.pl\/wp-content\/uploads\/2024\/11\/Projekt-bez-nazwy-1.jpg","width":500,"height":500,"caption":"zielone zanurzenie"},"image":{"@id":"https:\/\/zielonezanurzenie.pl\/#\/schema\/logo\/image\/"},"sameAs":["https:\/\/www.facebook.com\/profile.php?id=61573322280283","https:\/\/pl.pinterest.com\/ZZieloneZanurzenie\/","https:\/\/www.instagram.com\/kapielelesne_zz\/","https:\/\/www.youtube.com\/@KpieleleneZZ"]}]}},"jetpack_sharing_enabled":true,"_links":{"self":[{"href":"https:\/\/zielonezanurzenie.pl\/index.php?rest_route=\/wp\/v2\/pages\/2","targetHints":{"allow":["GET"]}}],"collection":[{"href":"https:\/\/zielonezanurzenie.pl\/index.php?rest_route=\/wp\/v2\/pages"}],"about":[{"href":"https:\/\/zielonezanurzenie.pl\/index.php?rest_route=\/wp\/v2\/types\/page"}],"author":[{"embeddable":true,"href":"https:\/\/zielonezanurzenie.pl\/index.php?rest_route=\/wp\/v2\/users\/1"}],"replies":[{"embeddable":true,"href":"https:\/\/zielonezanurzenie.pl\/index.php?rest_route=%2Fwp%2Fv2%2Fcomments&post=2"}],"version-history":[{"count":27,"href":"https:\/\/zielonezanurzenie.pl\/index.php?rest_route=\/wp\/v2\/pages\/2\/revisions"}],"predecessor-version":[{"id":511,"href":"https:\/\/zielonezanurzenie.pl\/index.php?rest_route=\/wp\/v2\/pages\/2\/revisions\/511"}],"wp:featuredmedia":[{"embeddable":true,"href":"https:\/\/zielonezanurzenie.pl\/index.php?rest_route=\/wp\/v2\/media\/82"}],"wp:attachment":[{"href":"https:\/\/zielonezanurzenie.pl\/index.php?rest_route=%2Fwp%2Fv2%2Fmedia&parent=2"}],"curies":[{"name":"wp","href":"https:\/\/api.w.org\/{rel}","templated":true}]}}